{"id":91139,"date":"2021-09-26T22:37:57","date_gmt":"2021-09-26T19:37:57","guid":{"rendered":"https:\/\/okcutriko.com\/?post_type=product&#038;p=91139"},"modified":"2025-12-25T00:32:53","modified_gmt":"2025-12-24T21:32:53","slug":"kadin-siyah-salas-orme-kazak-21k37543-99","status":"publish","type":"product","link":"https:\/\/okcutriko.com\/en\/product\/kadin-siyah-salas-orme-kazak-21k37543-99\/","title":{"rendered":"Kad\u0131n Siyah Sala\u015f \u00d6rme Kazak 21K37543-99"},"content":{"rendered":"","protected":false},"excerpt":{"rendered":"<p>&nbsp;<\/p>\n<table width=\"95%\">\n<tbody>\n<tr>\n<td><b>\u0130\u00e7erik: %100 Pamuk<\/b><\/td>\n<td style=\"text-align: right\">[popup_anything id=&#8221;78667&#8243;]<\/td>\n<\/tr>\n<\/tbody>\n<\/table>\n","protected":false},"featured_media":0,"template":"","meta":[],"product_brand":[],"product_cat":[48],"product_tag":[],"class_list":{"0":"post-91139","1":"product","2":"type-product","3":"status-publish","5":"product_cat-kazak","7":"first","8":"outofstock","9":"shipping-taxable","10":"product-type-variable","11":"has-default-attributes"},"_links":{"self":[{"href":"https:\/\/okcutriko.com\/en\/wp-json\/wp\/v2\/product\/91139","targetHints":{"allow":["GET"]}}],"collection":[{"href":"https:\/\/okcutriko.com\/en\/wp-json\/wp\/v2\/product"}],"about":[{"href":"https:\/\/okcutriko.com\/en\/wp-json\/wp\/v2\/types\/product"}],"wp:attachment":[{"href":"https:\/\/okcutriko.com\/en\/wp-json\/wp\/v2\/media?parent=91139"}],"wp:term":[{"taxonomy":"product_brand","embeddable":true,"href":"https:\/\/okcutriko.com\/en\/wp-json\/wp\/v2\/product_brand?post=91139"},{"taxonomy":"product_cat","embeddable":true,"href":"https:\/\/okcutriko.com\/en\/wp-json\/wp\/v2\/product_cat?post=91139"},{"taxonomy":"product_tag","embeddable":true,"href":"https:\/\/okcutriko.com\/en\/wp-json\/wp\/v2\/product_tag?post=91139"}],"curies":[{"name":"wp","href":"https:\/\/api.w.org\/{rel}","templated":true}]}}